{"id":2572,"date":"2023-02-09T13:38:31","date_gmt":"2023-02-09T13:38:31","guid":{"rendered":"https:\/\/edupress.thimpress.com\/?page_id=2572"},"modified":"2023-02-09T13:38:31","modified_gmt":"2023-02-09T13:38:31","slug":"contact-us","status":"publish","type":"page","link":"https:\/\/centrocapacitacion.grupoemprendemas.com\/index.php\/contact-us\/","title":{"rendered":"Contact Us"},"content":{"rendered":"\t\t<div data-elementor-type=\"wp-page\" data-elementor-id=\"2572\" class=\"elementor elementor-2572\">\n\t\t\t\t\t\t<section class=\"elementor-section elementor-top-section elementor-element elementor-element-d855ff1 elementor-section-stretched elementor-section-boxed elementor-section-height-default elementor-section-height-default\" data-id=\"d855ff1\" data-element_type=\"section\" data-settings=\"{&quot;stretch_section&quot;:&quot;section-stretched&quot;}\">\n\t\t\t\t\t\t<div class=\"elementor-container elementor-column-gap-no\">\n\t\t\t\t\t<div class=\"elementor-column elementor-col-33 elementor-top-column elementor-element elementor-element-3e72546\" data-id=\"3e72546\" data-element_type=\"column\">\n\t\t\t<div class=\"elementor-widget-wrap elementor-element-populated\">\n\t\t\t\t\t\t<div class=\"elementor-element elementor-element-6a1cd3d elementor-widget elementor-widget-thim-ekits-heading\" data-id=\"6a1cd3d\" data-element_type=\"widget\" data-widget_type=\"thim-ekits-heading.default\">\n\t\t\t\t<div class=\"elementor-widget-container\">\n\t\t\t\t\t<div class=\"thim-ekits-heading thim-ekit__heading\"><h1 class=\"title\">Need a direct line?<\/h1><p class=\"sub-heading\">Cras massa et odio donec faucibus in. Vitae pretium massa dolor ullamcorper lectus elit quam. Nec eu pellentesque blandit urna. A lacus sagittis nec fermentum id sed in. Lacus feugiat eget nulla phasellus commodo<\/p><\/div>\t\t\t\t<\/div>\n\t\t\t\t<\/div>\n\t\t\t\t<section class=\"elementor-section elementor-inner-section elementor-element elementor-element-d0b70ad elementor-section-boxed elementor-section-height-default elementor-section-height-default\" data-id=\"d0b70ad\" data-element_type=\"section\">\n\t\t\t\t\t\t<div class=\"elementor-container elementor-column-gap-no\">\n\t\t\t\t\t<div class=\"elementor-column elementor-col-100 elementor-inner-column elementor-element elementor-element-27f4780\" data-id=\"27f4780\" data-element_type=\"column\">\n\t\t\t<div class=\"elementor-widget-wrap elementor-element-populated\">\n\t\t\t\t\t\t<div class=\"elementor-element elementor-element-c5f122d elementor-position-left elementor-widget__width-initial elementor-view-stacked elementor-shape-square elementor-widget-mobile__width-inherit elementor-mobile-position-top elementor-widget elementor-widget-icon-box\" data-id=\"c5f122d\" data-element_type=\"widget\" data-widget_type=\"icon-box.default\">\n\t\t\t\t<div class=\"elementor-widget-container\">\n\t\t\t\t\t\t\t<div class=\"elementor-icon-box-wrapper\">\n\n\t\t\t\t\t\t<div class=\"elementor-icon-box-icon\">\n\t\t\t\t<span  class=\"elementor-icon\">\n\t\t\t\t<i aria-hidden=\"true\" class=\"fas fa-phone-alt\"><\/i>\t\t\t\t<\/span>\n\t\t\t<\/div>\n\t\t\t\n\t\t\t\t\t\t<div class=\"elementor-icon-box-content\">\n\n\t\t\t\t\t\t\t\t\t<h3 class=\"elementor-icon-box-title\">\n\t\t\t\t\t\t<span  >\n\t\t\t\t\t\t\tPhone\t\t\t\t\t\t<\/span>\n\t\t\t\t\t<\/h3>\n\t\t\t\t\n\t\t\t\t\t\t\t\t\t<p class=\"elementor-icon-box-description\">\n\t\t\t\t\t\t(123) 456 7890 \t\t\t\t\t<\/p>\n\t\t\t\t\n\t\t\t<\/div>\n\t\t\t\n\t\t<\/div>\n\t\t\t\t\t\t<\/div>\n\t\t\t\t<\/div>\n\t\t\t\t<div class=\"elementor-element elementor-element-97bc68b elementor-position-left elementor-widget__width-initial elementor-view-stacked elementor-shape-square elementor-widget-mobile__width-inherit elementor-mobile-position-top elementor-widget elementor-widget-icon-box\" data-id=\"97bc68b\" data-element_type=\"widget\" data-widget_type=\"icon-box.default\">\n\t\t\t\t<div class=\"elementor-widget-container\">\n\t\t\t\t\t\t\t<div class=\"elementor-icon-box-wrapper\">\n\n\t\t\t\t\t\t<div class=\"elementor-icon-box-icon\">\n\t\t\t\t<span  class=\"elementor-icon\">\n\t\t\t\t<i aria-hidden=\"true\" class=\"fas fa-envelope\"><\/i>\t\t\t\t<\/span>\n\t\t\t<\/div>\n\t\t\t\n\t\t\t\t\t\t<div class=\"elementor-icon-box-content\">\n\n\t\t\t\t\t\t\t\t\t<h3 class=\"elementor-icon-box-title\">\n\t\t\t\t\t\t<span  >\n\t\t\t\t\t\t\tEmail\t\t\t\t\t\t<\/span>\n\t\t\t\t\t<\/h3>\n\t\t\t\t\n\t\t\t\t\t\t\t\t\t<p class=\"elementor-icon-box-description\">\n\t\t\t\t\t\tDemo@domain.com\t\t\t\t\t<\/p>\n\t\t\t\t\n\t\t\t<\/div>\n\t\t\t\n\t\t<\/div>\n\t\t\t\t\t\t<\/div>\n\t\t\t\t<\/div>\n\t\t\t\t\t<\/div>\n\t\t<\/div>\n\t\t\t\t\t<\/div>\n\t\t<\/section>\n\t\t\t\t\t<\/div>\n\t\t<\/div>\n\t\t\t\t<div class=\"elementor-column elementor-col-66 elementor-top-column elementor-element elementor-element-bf8f763\" data-id=\"bf8f763\" data-element_type=\"column\">\n\t\t\t<div class=\"elementor-widget-wrap elementor-element-populated\">\n\t\t\t\t\t\t<div class=\"elementor-element elementor-element-d1fb592 elementor-widget elementor-widget-google_maps\" data-id=\"d1fb592\" data-element_type=\"widget\" data-widget_type=\"google_maps.default\">\n\t\t\t\t<div class=\"elementor-widget-container\">\n\t\t\t\t\t\t\t<div class=\"elementor-custom-embed\">\n\t\t\t<iframe loading=\"lazy\"\n\t\t\t\t\tsrc=\"https:\/\/maps.google.com\/maps?q=NEW%20YORK&#038;t=m&#038;z=14&#038;output=embed&#038;iwloc=near\"\n\t\t\t\t\ttitle=\"NEW YORK\"\n\t\t\t\t\taria-label=\"NEW YORK\"\n\t\t\t><\/iframe>\n\t\t<\/div>\n\t\t\t\t\t\t<\/div>\n\t\t\t\t<\/div>\n\t\t\t\t\t<\/div>\n\t\t<\/div>\n\t\t\t\t\t<\/div>\n\t\t<\/section>\n\t\t\t\t<section class=\"elementor-section elementor-top-section elementor-element elementor-element-39552a5 elementor-section-stretched elementor-section-boxed elementor-section-height-default elementor-section-height-default\" data-id=\"39552a5\" data-element_type=\"section\" data-settings=\"{&quot;stretch_section&quot;:&quot;section-stretched&quot;}\">\n\t\t\t\t\t\t<div class=\"elementor-container elementor-column-gap-custom\">\n\t\t\t\t\t<div class=\"elementor-column elementor-col-100 elementor-top-column elementor-element elementor-element-cf28d56\" data-id=\"cf28d56\" data-element_type=\"column\">\n\t\t\t<div class=\"elementor-widget-wrap elementor-element-populated\">\n\t\t\t\t\t\t<div class=\"elementor-element elementor-element-fe1e571 elementor-widget elementor-widget-thim-ekits-heading\" data-id=\"fe1e571\" data-element_type=\"widget\" data-widget_type=\"thim-ekits-heading.default\">\n\t\t\t\t<div class=\"elementor-widget-container\">\n\t\t\t\t\t<div class=\"thim-ekits-heading thim-ekit__heading\"><h2 class=\"title\">Contact Us<\/h2><\/div>\t\t\t\t<\/div>\n\t\t\t\t<\/div>\n\t\t\t\t<div class=\"elementor-element elementor-element-10861e5 elementor-widget elementor-widget-thim-ekits-contact-form-7\" data-id=\"10861e5\" data-element_type=\"widget\" data-widget_type=\"thim-ekits-contact-form-7.default\">\n\t\t\t\t<div class=\"elementor-widget-container\">\n\t\t\t\t\t\t\t\t<div class=\"thim-ekit-wpcf7\">\n\t\t\t\t\n<div class=\"wpcf7 no-js\" id=\"wpcf7-f2604-o1\" lang=\"en-US\" dir=\"ltr\" data-wpcf7-id=\"2604\">\n<div class=\"screen-reader-response\"><p role=\"status\" aria-live=\"polite\" aria-atomic=\"true\"><\/p> <ul><\/ul><\/div>\n<form action=\"\/index.php\/wp-json\/wp\/v2\/pages\/2572#wpcf7-f2604-o1\" method=\"post\" class=\"wpcf7-form init\" aria-label=\"Contact form\" novalidate=\"novalidate\" data-status=\"init\">\n<fieldset class=\"hidden-fields-container\"><input type=\"hidden\" name=\"_wpcf7\" value=\"2604\" \/><input type=\"hidden\" name=\"_wpcf7_version\" value=\"6.1.1\" \/><input type=\"hidden\" name=\"_wpcf7_locale\" value=\"en_US\" \/><input type=\"hidden\" name=\"_wpcf7_unit_tag\" value=\"wpcf7-f2604-o1\" \/><input type=\"hidden\" name=\"_wpcf7_container_post\" value=\"0\" \/><input type=\"hidden\" name=\"_wpcf7_posted_data_hash\" value=\"\" \/>\n<\/fieldset>\n<div class=\"row mb-3\">\n\t<div class=\"col-md-4\">\n\t\t<p><label> <span class=\"input-field\">Name *<\/span><span class=\"wpcf7-form-control-wrap\" data-name=\"your-name\"><input size=\"40\" maxlength=\"400\" class=\"wpcf7-form-control wpcf7-text wpcf7-validates-as-required\" aria-required=\"true\" aria-invalid=\"false\" placeholder=\"First &amp; Last name\" value=\"\" type=\"text\" name=\"your-name\" \/><\/span> <\/label>\n\t\t<\/p>\n\t<\/div>\n\t<div class=\"col-md-4\">\n\t\t<p><label> <span class=\"input-field\">Email *<\/span><span class=\"wpcf7-form-control-wrap\" data-name=\"your-email\"><input size=\"40\" maxlength=\"400\" class=\"wpcf7-form-control wpcf7-email wpcf7-validates-as-required wpcf7-text wpcf7-validates-as-email\" aria-required=\"true\" aria-invalid=\"false\" placeholder=\"Info@example.com\" value=\"\" type=\"email\" name=\"your-email\" \/><\/span> <\/label>\n\t\t<\/p>\n\t<\/div>\n\t<div class=\"col-md-4\">\n\t\t<p><label> <span class=\"input-field\">Website *<\/span><span class=\"wpcf7-form-control-wrap\" data-name=\"your-subject\"><input size=\"40\" maxlength=\"400\" class=\"wpcf7-form-control wpcf7-text wpcf7-validates-as-required\" aria-required=\"true\" aria-invalid=\"false\" placeholder=\"https:\/\/www.systeminfo.com\" value=\"\" type=\"text\" name=\"your-subject\" \/><\/span> <\/label>\n\t\t<\/p>\n\t<\/div>\n<\/div>\n<p><label> <span class=\"input-field\">Comment<\/span><span class=\"wpcf7-form-control-wrap\" data-name=\"your-message\"><textarea cols=\"40\" rows=\"10\" maxlength=\"2000\" class=\"wpcf7-form-control wpcf7-textarea\" aria-invalid=\"false\" placeholder=\"Your comment here\" name=\"your-message\"><\/textarea><\/span> <\/label>\n<\/p>\n<p><input class=\"wpcf7-form-control wpcf7-submit has-spinner\" type=\"submit\" value=\"Send Email\" \/>\n<\/p><div class=\"wpcf7-response-output\" aria-hidden=\"true\"><\/div>\n<\/form>\n<\/div>\n\t\t\t<\/div>\n\t\t\t\t\t\t<\/div>\n\t\t\t\t<\/div>\n\t\t\t\t\t<\/div>\n\t\t<\/div>\n\t\t\t\t\t<\/div>\n\t\t<\/section>\n\t\t\t\t<\/div>\n\t\t","protected":false},"excerpt":{"rendered":"<p>Need a direct line? Cras massa et odio donec faucibus in. Vitae pretium massa dolor ullamcorper lectus elit quam. Nec&#8230;<\/p>\n","protected":false},"author":1,"featured_media":0,"parent":0,"menu_order":0,"comment_status":"closed","ping_status":"closed","template":"","meta":{"footnotes":""},"class_list":["post-2572","page","type-page","status-publish","hentry"],"yoast_head":"<!-- This site is optimized with the Yoast SEO plugin v25.9 - https:\/\/yoast.com\/wordpress\/plugins\/seo\/ -->\n<title>Contact Us - Centro de Capacitaci\u00f3n y Certificaci\u00f3n<\/title>\n<meta name=\"robots\" content=\"index, follow, max-snippet:-1, max-image-preview:large, max-video-preview:-1\" \/>\n<link rel=\"canonical\" href=\"https:\/\/centrocapacitacion.grupoemprendemas.com\/index.php\/contact-us\/\" \/>\n<meta property=\"og:locale\" content=\"es_ES\" \/>\n<meta property=\"og:type\" content=\"article\" \/>\n<meta property=\"og:title\" content=\"Contact Us - Centro de Capacitaci\u00f3n y Certificaci\u00f3n\" \/>\n<meta property=\"og:description\" content=\"Need a direct line? Cras massa et odio donec faucibus in. Vitae pretium massa dolor ullamcorper lectus elit quam. Nec...\" \/>\n<meta property=\"og:url\" content=\"https:\/\/centrocapacitacion.grupoemprendemas.com\/index.php\/contact-us\/\" \/>\n<meta property=\"og:site_name\" content=\"Centro de Capacitaci\u00f3n y Certificaci\u00f3n\" \/>\n<meta name=\"twitter:card\" content=\"summary_large_image\" \/>\n<script type=\"application\/ld+json\" class=\"yoast-schema-graph\">{\"@context\":\"https:\/\/schema.org\",\"@graph\":[{\"@type\":\"WebPage\",\"@id\":\"https:\/\/centrocapacitacion.grupoemprendemas.com\/index.php\/contact-us\/\",\"url\":\"https:\/\/centrocapacitacion.grupoemprendemas.com\/index.php\/contact-us\/\",\"name\":\"Contact Us - Centro de Capacitaci\u00f3n y Certificaci\u00f3n\",\"isPartOf\":{\"@id\":\"https:\/\/centrocapacitacion.grupoemprendemas.com\/#website\"},\"datePublished\":\"2023-02-09T13:38:31+00:00\",\"breadcrumb\":{\"@id\":\"https:\/\/centrocapacitacion.grupoemprendemas.com\/index.php\/contact-us\/#breadcrumb\"},\"inLanguage\":\"es\",\"potentialAction\":[{\"@type\":\"ReadAction\",\"target\":[\"https:\/\/centrocapacitacion.grupoemprendemas.com\/index.php\/contact-us\/\"]}]},{\"@type\":\"BreadcrumbList\",\"@id\":\"https:\/\/centrocapacitacion.grupoemprendemas.com\/index.php\/contact-us\/#breadcrumb\",\"itemListElement\":[{\"@type\":\"ListItem\",\"position\":1,\"name\":\"Portada\",\"item\":\"https:\/\/centrocapacitacion.grupoemprendemas.com\/\"},{\"@type\":\"ListItem\",\"position\":2,\"name\":\"Contact Us\"}]},{\"@type\":\"WebSite\",\"@id\":\"https:\/\/centrocapacitacion.grupoemprendemas.com\/#website\",\"url\":\"https:\/\/centrocapacitacion.grupoemprendemas.com\/\",\"name\":\"Centro de Capacitaci\u00f3n y Certificaci\u00f3n\",\"description\":\"Centro de Capacitaci\u00f3n y Certificaci\u00f3n, Profesional y Empresarial\",\"publisher\":{\"@id\":\"https:\/\/centrocapacitacion.grupoemprendemas.com\/#organization\"},\"potentialAction\":[{\"@type\":\"SearchAction\",\"target\":{\"@type\":\"EntryPoint\",\"urlTemplate\":\"https:\/\/centrocapacitacion.grupoemprendemas.com\/?s={search_term_string}\"},\"query-input\":{\"@type\":\"PropertyValueSpecification\",\"valueRequired\":true,\"valueName\":\"search_term_string\"}}],\"inLanguage\":\"es\"},{\"@type\":\"Organization\",\"@id\":\"https:\/\/centrocapacitacion.grupoemprendemas.com\/#organization\",\"name\":\"Grupo Emprende MAS SA de CV\",\"url\":\"https:\/\/centrocapacitacion.grupoemprendemas.com\/\",\"logo\":{\"@type\":\"ImageObject\",\"inLanguage\":\"es\",\"@id\":\"https:\/\/centrocapacitacion.grupoemprendemas.com\/#\/schema\/logo\/image\/\",\"url\":\"https:\/\/centrocapacitacion.grupoemprendemas.com\/wp-content\/uploads\/2024\/09\/logo_con_nombre.png\",\"contentUrl\":\"https:\/\/centrocapacitacion.grupoemprendemas.com\/wp-content\/uploads\/2024\/09\/logo_con_nombre.png\",\"width\":1269,\"height\":662,\"caption\":\"Grupo Emprende MAS SA de CV\"},\"image\":{\"@id\":\"https:\/\/centrocapacitacion.grupoemprendemas.com\/#\/schema\/logo\/image\/\"}}]}<\/script>\n<!-- \/ Yoast SEO plugin. -->","yoast_head_json":{"title":"Contact Us - Centro de Capacitaci\u00f3n y Certificaci\u00f3n","robots":{"index":"index","follow":"follow","max-snippet":"max-snippet:-1","max-image-preview":"max-image-preview:large","max-video-preview":"max-video-preview:-1"},"canonical":"https:\/\/centrocapacitacion.grupoemprendemas.com\/index.php\/contact-us\/","og_locale":"es_ES","og_type":"article","og_title":"Contact Us - Centro de Capacitaci\u00f3n y Certificaci\u00f3n","og_description":"Need a direct line? Cras massa et odio donec faucibus in. Vitae pretium massa dolor ullamcorper lectus elit quam. Nec...","og_url":"https:\/\/centrocapacitacion.grupoemprendemas.com\/index.php\/contact-us\/","og_site_name":"Centro de Capacitaci\u00f3n y Certificaci\u00f3n","twitter_card":"summary_large_image","schema":{"@context":"https:\/\/schema.org","@graph":[{"@type":"WebPage","@id":"https:\/\/centrocapacitacion.grupoemprendemas.com\/index.php\/contact-us\/","url":"https:\/\/centrocapacitacion.grupoemprendemas.com\/index.php\/contact-us\/","name":"Contact Us - Centro de Capacitaci\u00f3n y Certificaci\u00f3n","isPartOf":{"@id":"https:\/\/centrocapacitacion.grupoemprendemas.com\/#website"},"datePublished":"2023-02-09T13:38:31+00:00","breadcrumb":{"@id":"https:\/\/centrocapacitacion.grupoemprendemas.com\/index.php\/contact-us\/#breadcrumb"},"inLanguage":"es","potentialAction":[{"@type":"ReadAction","target":["https:\/\/centrocapacitacion.grupoemprendemas.com\/index.php\/contact-us\/"]}]},{"@type":"BreadcrumbList","@id":"https:\/\/centrocapacitacion.grupoemprendemas.com\/index.php\/contact-us\/#breadcrumb","itemListElement":[{"@type":"ListItem","position":1,"name":"Portada","item":"https:\/\/centrocapacitacion.grupoemprendemas.com\/"},{"@type":"ListItem","position":2,"name":"Contact Us"}]},{"@type":"WebSite","@id":"https:\/\/centrocapacitacion.grupoemprendemas.com\/#website","url":"https:\/\/centrocapacitacion.grupoemprendemas.com\/","name":"Centro de Capacitaci\u00f3n y Certificaci\u00f3n","description":"Centro de Capacitaci\u00f3n y Certificaci\u00f3n, Profesional y Empresarial","publisher":{"@id":"https:\/\/centrocapacitacion.grupoemprendemas.com\/#organization"},"potentialAction":[{"@type":"SearchAction","target":{"@type":"EntryPoint","urlTemplate":"https:\/\/centrocapacitacion.grupoemprendemas.com\/?s={search_term_string}"},"query-input":{"@type":"PropertyValueSpecification","valueRequired":true,"valueName":"search_term_string"}}],"inLanguage":"es"},{"@type":"Organization","@id":"https:\/\/centrocapacitacion.grupoemprendemas.com\/#organization","name":"Grupo Emprende MAS SA de CV","url":"https:\/\/centrocapacitacion.grupoemprendemas.com\/","logo":{"@type":"ImageObject","inLanguage":"es","@id":"https:\/\/centrocapacitacion.grupoemprendemas.com\/#\/schema\/logo\/image\/","url":"https:\/\/centrocapacitacion.grupoemprendemas.com\/wp-content\/uploads\/2024\/09\/logo_con_nombre.png","contentUrl":"https:\/\/centrocapacitacion.grupoemprendemas.com\/wp-content\/uploads\/2024\/09\/logo_con_nombre.png","width":1269,"height":662,"caption":"Grupo Emprende MAS SA de CV"},"image":{"@id":"https:\/\/centrocapacitacion.grupoemprendemas.com\/#\/schema\/logo\/image\/"}}]}},"jetpack_sharing_enabled":true,"_links":{"self":[{"href":"https:\/\/centrocapacitacion.grupoemprendemas.com\/index.php\/wp-json\/wp\/v2\/pages\/2572","targetHints":{"allow":["GET"]}}],"collection":[{"href":"https:\/\/centrocapacitacion.grupoemprendemas.com\/index.php\/wp-json\/wp\/v2\/pages"}],"about":[{"href":"https:\/\/centrocapacitacion.grupoemprendemas.com\/index.php\/wp-json\/wp\/v2\/types\/page"}],"author":[{"embeddable":true,"href":"https:\/\/centrocapacitacion.grupoemprendemas.com\/index.php\/wp-json\/wp\/v2\/users\/1"}],"replies":[{"embeddable":true,"href":"https:\/\/centrocapacitacion.grupoemprendemas.com\/index.php\/wp-json\/wp\/v2\/comments?post=2572"}],"version-history":[{"count":0,"href":"https:\/\/centrocapacitacion.grupoemprendemas.com\/index.php\/wp-json\/wp\/v2\/pages\/2572\/revisions"}],"wp:attachment":[{"href":"https:\/\/centrocapacitacion.grupoemprendemas.com\/index.php\/wp-json\/wp\/v2\/media?parent=2572"}],"curies":[{"name":"wp","href":"https:\/\/api.w.org\/{rel}","templated":true}]}}